{"id":6272,"date":"2023-10-03T12:33:40","date_gmt":"2023-10-03T10:33:40","guid":{"rendered":"https:\/\/staging.dalcin.com\/prodotto\/lalvin-rodano-4600\/"},"modified":"2024-06-19T12:58:57","modified_gmt":"2024-06-19T10:58:57","slug":"lalvin-rodano-4600","status":"publish","type":"product","link":"https:\/\/dalcin.com\/es\/prodotto\/lalvin-rodano-4600\/","title":{"rendered":"Lalvin R\u00f3dano 4600"},"content":{"rendered":"","protected":false},"excerpt":{"rendered":"<p>Expresi\u00f3n arom\u00e1tica intensa y original para vinos blancos y rosados j\u00f3venes. Elevada producci\u00f3n de polisac\u00e1ridos, excelentes caracter\u00edsticas de fermentaci\u00f3n.<\/p>\n","protected":false},"featured_media":13586,"template":"","meta":{"_acf_changed":false,"_seopress_robots_primary_cat":"none","_seopress_titles_title":"","_seopress_titles_desc":"","_seopress_robots_index":""},"product_brand":[],"product_cat":[164],"product_tag":[314,165,166],"class_list":{"0":"post-6272","1":"product","2":"type-product","3":"status-publish","4":"has-post-thumbnail","6":"product_cat-levaduras","7":"product_tag-segunda-fermentacion","8":"product_tag-vinos-blancos","9":"product_tag-vinos-rosados","11":"first","12":"instock","13":"shipping-taxable","14":"product-type-simple"},"acf":[],"_links":{"self":[{"href":"https:\/\/dalcin.com\/es\/wp-json\/wp\/v2\/product\/6272","targetHints":{"allow":["GET"]}}],"collection":[{"href":"https:\/\/dalcin.com\/es\/wp-json\/wp\/v2\/product"}],"about":[{"href":"https:\/\/dalcin.com\/es\/wp-json\/wp\/v2\/types\/product"}],"wp:featuredmedia":[{"embeddable":true,"href":"https:\/\/dalcin.com\/es\/wp-json\/wp\/v2\/media\/13586"}],"wp:attachment":[{"href":"https:\/\/dalcin.com\/es\/wp-json\/wp\/v2\/media?parent=6272"}],"wp:term":[{"taxonomy":"product_brand","embeddable":true,"href":"https:\/\/dalcin.com\/es\/wp-json\/wp\/v2\/product_brand?post=6272"},{"taxonomy":"product_cat","embeddable":true,"href":"https:\/\/dalcin.com\/es\/wp-json\/wp\/v2\/product_cat?post=6272"},{"taxonomy":"product_tag","embeddable":true,"href":"https:\/\/dalcin.com\/es\/wp-json\/wp\/v2\/product_tag?post=6272"}],"curies":[{"name":"wp","href":"https:\/\/api.w.org\/{rel}","templated":true}]}}