{"id":6283,"date":"2023-10-05T17:56:21","date_gmt":"2023-10-05T15:56:21","guid":{"rendered":"https:\/\/staging.dalcin.com\/prodotto\/lalvin-silka\/"},"modified":"2024-06-19T12:58:57","modified_gmt":"2024-06-19T10:58:57","slug":"lalvin-silka","status":"publish","type":"product","link":"https:\/\/dalcin.com\/es\/prodotto\/lalvin-silka\/","title":{"rendered":"Lalvin\u2122 Silka"},"content":{"rendered":"","protected":false},"excerpt":{"rendered":"<p>Cepa seleccionada por el ICCV en Espa\u00f1a para la fermentaci\u00f3n malol\u00e1ctica en la elaboraci\u00f3n de vinos tintos en una amplia gama de condiciones, en particular altos contenidos de alcohol (16 % v\/v) y SO2 (60 ppm).<\/p>\n","protected":false},"featured_media":13566,"template":"","meta":{"_acf_changed":false,"_seopress_robots_primary_cat":"none","_seopress_titles_title":"","_seopress_titles_desc":"","_seopress_robots_index":""},"product_brand":[],"product_cat":[218],"product_tag":[263],"class_list":{"0":"post-6283","1":"product","2":"type-product","3":"status-publish","4":"has-post-thumbnail","6":"product_cat-malolactica","7":"product_tag-bacterias","9":"first","10":"instock","11":"shipping-taxable","12":"product-type-simple"},"acf":[],"_links":{"self":[{"href":"https:\/\/dalcin.com\/es\/wp-json\/wp\/v2\/product\/6283","targetHints":{"allow":["GET"]}}],"collection":[{"href":"https:\/\/dalcin.com\/es\/wp-json\/wp\/v2\/product"}],"about":[{"href":"https:\/\/dalcin.com\/es\/wp-json\/wp\/v2\/types\/product"}],"wp:featuredmedia":[{"embeddable":true,"href":"https:\/\/dalcin.com\/es\/wp-json\/wp\/v2\/media\/13566"}],"wp:attachment":[{"href":"https:\/\/dalcin.com\/es\/wp-json\/wp\/v2\/media?parent=6283"}],"wp:term":[{"taxonomy":"product_brand","embeddable":true,"href":"https:\/\/dalcin.com\/es\/wp-json\/wp\/v2\/product_brand?post=6283"},{"taxonomy":"product_cat","embeddable":true,"href":"https:\/\/dalcin.com\/es\/wp-json\/wp\/v2\/product_cat?post=6283"},{"taxonomy":"product_tag","embeddable":true,"href":"https:\/\/dalcin.com\/es\/wp-json\/wp\/v2\/product_tag?post=6283"}],"curies":[{"name":"wp","href":"https:\/\/api.w.org\/{rel}","templated":true}]}}