{"id":6336,"date":"2023-10-11T18:18:19","date_gmt":"2023-10-11T16:18:19","guid":{"rendered":"https:\/\/staging.dalcin.com\/prodotto\/mosaico-protect\/"},"modified":"2024-11-29T18:09:46","modified_gmt":"2024-11-29T17:09:46","slug":"mosaico-protect","status":"publish","type":"product","link":"https:\/\/dalcin.com\/es\/prodotto\/mosaico-protect\/","title":{"rendered":"Mosaico Protect"},"content":{"rendered":"","protected":false},"excerpt":{"rendered":"<p>Clarificaci\u00f3n, estabilizaci\u00f3n y envejecimiento organol\u00e9ptico para vinos blancos y rosados.<\/p>\n","protected":false},"featured_media":0,"template":"","meta":{"_acf_changed":false,"_seopress_robots_primary_cat":"none","_seopress_titles_title":"","_seopress_titles_desc":"","_seopress_robots_index":""},"product_brand":[],"product_cat":[201],"product_tag":[300,327,165],"class_list":{"0":"post-6336","1":"product","2":"type-product","3":"status-publish","5":"product_cat-clarification","6":"product_tag-minitubes-es","7":"product_tag-sin-alergenos","8":"product_tag-vinos-blancos","10":"first","11":"instock","12":"shipping-taxable","13":"product-type-simple"},"acf":[],"_links":{"self":[{"href":"https:\/\/dalcin.com\/es\/wp-json\/wp\/v2\/product\/6336","targetHints":{"allow":["GET"]}}],"collection":[{"href":"https:\/\/dalcin.com\/es\/wp-json\/wp\/v2\/product"}],"about":[{"href":"https:\/\/dalcin.com\/es\/wp-json\/wp\/v2\/types\/product"}],"wp:attachment":[{"href":"https:\/\/dalcin.com\/es\/wp-json\/wp\/v2\/media?parent=6336"}],"wp:term":[{"taxonomy":"product_brand","embeddable":true,"href":"https:\/\/dalcin.com\/es\/wp-json\/wp\/v2\/product_brand?post=6336"},{"taxonomy":"product_cat","embeddable":true,"href":"https:\/\/dalcin.com\/es\/wp-json\/wp\/v2\/product_cat?post=6336"},{"taxonomy":"product_tag","embeddable":true,"href":"https:\/\/dalcin.com\/es\/wp-json\/wp\/v2\/product_tag?post=6336"}],"curies":[{"name":"wp","href":"https:\/\/api.w.org\/{rel}","templated":true}]}}