{"id":6342,"date":"2023-10-16T17:42:34","date_gmt":"2023-10-16T15:42:34","guid":{"rendered":"https:\/\/staging.dalcin.com\/prodotto\/nuovo-cristallgen\/"},"modified":"2024-06-03T20:41:25","modified_gmt":"2024-06-03T18:41:25","slug":"nuovo-cristallgen","status":"publish","type":"product","link":"https:\/\/dalcin.com\/es\/prodotto\/nuovo-cristallgen\/","title":{"rendered":"Nuovo Cristallgen"},"content":{"rendered":"","protected":false},"excerpt":{"rendered":"<p>Polvo promotor de cristalizaci\u00f3n para la estabilizaci\u00f3n tart\u00e1rica en fr\u00edo. Activo incluso en exceso de calcio y potasio.<\/p>\n","protected":false},"featured_media":6345,"template":"","meta":{"_acf_changed":false,"_seopress_robots_primary_cat":"none","_seopress_titles_title":"","_seopress_titles_desc":"","_seopress_robots_index":""},"product_brand":[],"product_cat":[161],"product_tag":[162],"class_list":{"0":"post-6342","1":"product","2":"type-product","3":"status-publish","4":"has-post-thumbnail","6":"product_cat-estabilizacion","7":"product_tag-estabilidad-tartarica","9":"first","10":"instock","11":"shipping-taxable","12":"product-type-simple"},"acf":[],"_links":{"self":[{"href":"https:\/\/dalcin.com\/es\/wp-json\/wp\/v2\/product\/6342","targetHints":{"allow":["GET"]}}],"collection":[{"href":"https:\/\/dalcin.com\/es\/wp-json\/wp\/v2\/product"}],"about":[{"href":"https:\/\/dalcin.com\/es\/wp-json\/wp\/v2\/types\/product"}],"wp:featuredmedia":[{"embeddable":true,"href":"https:\/\/dalcin.com\/es\/wp-json\/wp\/v2\/media\/6345"}],"wp:attachment":[{"href":"https:\/\/dalcin.com\/es\/wp-json\/wp\/v2\/media?parent=6342"}],"wp:term":[{"taxonomy":"product_brand","embeddable":true,"href":"https:\/\/dalcin.com\/es\/wp-json\/wp\/v2\/product_brand?post=6342"},{"taxonomy":"product_cat","embeddable":true,"href":"https:\/\/dalcin.com\/es\/wp-json\/wp\/v2\/product_cat?post=6342"},{"taxonomy":"product_tag","embeddable":true,"href":"https:\/\/dalcin.com\/es\/wp-json\/wp\/v2\/product_tag?post=6342"}],"curies":[{"name":"wp","href":"https:\/\/api.w.org\/{rel}","templated":true}]}}