{"id":6346,"date":"2023-10-17T14:47:16","date_gmt":"2023-10-17T12:47:16","guid":{"rendered":"https:\/\/staging.dalcin.com\/prodotto\/nutrigreen\/"},"modified":"2024-06-27T10:05:01","modified_gmt":"2024-06-27T08:05:01","slug":"nutrigreen","status":"publish","type":"product","link":"https:\/\/dalcin.com\/es\/prodotto\/nutrigreen\/","title":{"rendered":"Nutrigreen"},"content":{"rendered":"","protected":false},"excerpt":{"rendered":"<p>Complejo activante para la fermentaci\u00f3n alcoh\u00f3lica. Aporta nitr\u00f3geno amoniacal y amino\u00e1cido, vitamina B1, celulosa y c\u00e1scaras de levadura.<\/p>\n","protected":false},"featured_media":6349,"template":"","meta":{"_acf_changed":false,"_seopress_robots_primary_cat":"none","_seopress_titles_title":"","_seopress_titles_desc":"","_seopress_robots_index":""},"product_brand":[],"product_cat":[217],"product_tag":[286],"class_list":{"0":"post-6346","1":"product","2":"type-product","3":"status-publish","4":"has-post-thumbnail","6":"product_cat-linea-green-es","7":"product_tag-fermentacion-alcoholica","9":"first","10":"instock","11":"shipping-taxable","12":"product-type-simple"},"acf":[],"_links":{"self":[{"href":"https:\/\/dalcin.com\/es\/wp-json\/wp\/v2\/product\/6346","targetHints":{"allow":["GET"]}}],"collection":[{"href":"https:\/\/dalcin.com\/es\/wp-json\/wp\/v2\/product"}],"about":[{"href":"https:\/\/dalcin.com\/es\/wp-json\/wp\/v2\/types\/product"}],"wp:featuredmedia":[{"embeddable":true,"href":"https:\/\/dalcin.com\/es\/wp-json\/wp\/v2\/media\/6349"}],"wp:attachment":[{"href":"https:\/\/dalcin.com\/es\/wp-json\/wp\/v2\/media?parent=6346"}],"wp:term":[{"taxonomy":"product_brand","embeddable":true,"href":"https:\/\/dalcin.com\/es\/wp-json\/wp\/v2\/product_brand?post=6346"},{"taxonomy":"product_cat","embeddable":true,"href":"https:\/\/dalcin.com\/es\/wp-json\/wp\/v2\/product_cat?post=6346"},{"taxonomy":"product_tag","embeddable":true,"href":"https:\/\/dalcin.com\/es\/wp-json\/wp\/v2\/product_tag?post=6346"}],"curies":[{"name":"wp","href":"https:\/\/api.w.org\/{rel}","templated":true}]}}