{"id":6350,"date":"2023-10-12T17:27:13","date_gmt":"2023-10-12T15:27:13","guid":{"rendered":"https:\/\/staging.dalcin.com\/prodotto\/phytokoll-app\/"},"modified":"2024-06-03T20:44:29","modified_gmt":"2024-06-03T18:44:29","slug":"phytokoll-app","status":"publish","type":"product","link":"https:\/\/dalcin.com\/es\/prodotto\/phytokoll-app\/","title":{"rendered":"Phytokoll\u2122 App"},"content":{"rendered":"","protected":false},"excerpt":{"rendered":"<p>La mezcla perfecta de prote\u00edna de patata y prote\u00edna de guisante. Permite alcanzar, durante la clarificaci\u00f3n de mostos y vinos, ya sea el incremento de la limpidez o la eliminaci\u00f3n de las fracciones oxidadas del color. Clarifica y elimina las fracciones de color oxidadas.<\/p>\n","protected":false},"featured_media":6353,"template":"","meta":{"_acf_changed":false,"_seopress_robots_primary_cat":"none","_seopress_titles_title":"","_seopress_titles_desc":"","_seopress_robots_index":""},"product_brand":[],"product_cat":[201],"product_tag":[302,327,165],"class_list":{"0":"post-6350","1":"product","2":"type-product","3":"status-publish","4":"has-post-thumbnail","6":"product_cat-clarification","7":"product_tag-mostos-blancos","8":"product_tag-sin-alergenos","9":"product_tag-vinos-blancos","11":"first","12":"instock","13":"shipping-taxable","14":"product-type-simple"},"acf":[],"_links":{"self":[{"href":"https:\/\/dalcin.com\/es\/wp-json\/wp\/v2\/product\/6350","targetHints":{"allow":["GET"]}}],"collection":[{"href":"https:\/\/dalcin.com\/es\/wp-json\/wp\/v2\/product"}],"about":[{"href":"https:\/\/dalcin.com\/es\/wp-json\/wp\/v2\/types\/product"}],"wp:featuredmedia":[{"embeddable":true,"href":"https:\/\/dalcin.com\/es\/wp-json\/wp\/v2\/media\/6353"}],"wp:attachment":[{"href":"https:\/\/dalcin.com\/es\/wp-json\/wp\/v2\/media?parent=6350"}],"wp:term":[{"taxonomy":"product_brand","embeddable":true,"href":"https:\/\/dalcin.com\/es\/wp-json\/wp\/v2\/product_brand?post=6350"},{"taxonomy":"product_cat","embeddable":true,"href":"https:\/\/dalcin.com\/es\/wp-json\/wp\/v2\/product_cat?post=6350"},{"taxonomy":"product_tag","embeddable":true,"href":"https:\/\/dalcin.com\/es\/wp-json\/wp\/v2\/product_tag?post=6350"}],"curies":[{"name":"wp","href":"https:\/\/api.w.org\/{rel}","templated":true}]}}