{"id":6371,"date":"2023-10-05T17:50:02","date_gmt":"2023-10-05T15:50:02","guid":{"rendered":"https:\/\/staging.dalcin.com\/prodotto\/pn4-1-paso\/"},"modified":"2024-06-03T20:51:11","modified_gmt":"2024-06-03T18:51:11","slug":"pn4-1-paso","status":"publish","type":"product","link":"https:\/\/dalcin.com\/es\/prodotto\/pn4-1-paso\/","title":{"rendered":"PN4\u2122 1-Step"},"content":{"rendered":"","protected":false},"excerpt":{"rendered":"<p>Versi\u00f3n de 1 paso para grandes masas y condiciones especialmente dif\u00edciles. Excelente combinaci\u00f3n de calidad y asequibilidad.<\/p>\n","protected":false},"featured_media":6374,"template":"","meta":{"_acf_changed":false,"_seopress_robots_primary_cat":"none","_seopress_titles_title":"","_seopress_titles_desc":"","_seopress_robots_index":""},"product_brand":[],"product_cat":[218],"product_tag":[263],"class_list":{"0":"post-6371","1":"product","2":"type-product","3":"status-publish","4":"has-post-thumbnail","6":"product_cat-malolactica","7":"product_tag-bacterias","9":"first","10":"instock","11":"shipping-taxable","12":"product-type-simple"},"acf":[],"_links":{"self":[{"href":"https:\/\/dalcin.com\/es\/wp-json\/wp\/v2\/product\/6371","targetHints":{"allow":["GET"]}}],"collection":[{"href":"https:\/\/dalcin.com\/es\/wp-json\/wp\/v2\/product"}],"about":[{"href":"https:\/\/dalcin.com\/es\/wp-json\/wp\/v2\/types\/product"}],"wp:featuredmedia":[{"embeddable":true,"href":"https:\/\/dalcin.com\/es\/wp-json\/wp\/v2\/media\/6374"}],"wp:attachment":[{"href":"https:\/\/dalcin.com\/es\/wp-json\/wp\/v2\/media?parent=6371"}],"wp:term":[{"taxonomy":"product_brand","embeddable":true,"href":"https:\/\/dalcin.com\/es\/wp-json\/wp\/v2\/product_brand?post=6371"},{"taxonomy":"product_cat","embeddable":true,"href":"https:\/\/dalcin.com\/es\/wp-json\/wp\/v2\/product_cat?post=6371"},{"taxonomy":"product_tag","embeddable":true,"href":"https:\/\/dalcin.com\/es\/wp-json\/wp\/v2\/product_tag?post=6371"}],"curies":[{"name":"wp","href":"https:\/\/api.w.org\/{rel}","templated":true}]}}