{"id":6382,"date":"2023-10-03T17:30:20","date_gmt":"2023-10-03T15:30:20","guid":{"rendered":"https:\/\/staging.dalcin.com\/prodotto\/polimersei\/"},"modified":"2024-04-11T23:52:00","modified_gmt":"2024-04-11T21:52:00","slug":"polimersei","status":"publish","type":"product","link":"https:\/\/dalcin.com\/es\/prodotto\/polimersei\/","title":{"rendered":"Polimersei"},"content":{"rendered":"","protected":false},"excerpt":{"rendered":"<p>Regulador a base de celulosa pre-tratada. Crea las condiciones \u00f3ptimas para la actividad de la levadura en la fermentaci\u00f3n alcoh\u00f3lica y en la toma de espuma. Previene paros de fermentaci\u00f3n.<\/p>\n","protected":false},"featured_media":0,"template":"","meta":{"_acf_changed":false,"_seopress_robots_primary_cat":"none","_seopress_titles_title":"","_seopress_titles_desc":"","_seopress_robots_index":""},"product_brand":[],"product_cat":[223],"product_tag":[319],"class_list":{"0":"post-6382","1":"product","2":"type-product","3":"status-publish","5":"product_cat-nutrientes-es","6":"product_tag-reguladores","8":"first","9":"instock","10":"shipping-taxable","11":"product-type-simple"},"acf":[],"_links":{"self":[{"href":"https:\/\/dalcin.com\/es\/wp-json\/wp\/v2\/product\/6382","targetHints":{"allow":["GET"]}}],"collection":[{"href":"https:\/\/dalcin.com\/es\/wp-json\/wp\/v2\/product"}],"about":[{"href":"https:\/\/dalcin.com\/es\/wp-json\/wp\/v2\/types\/product"}],"wp:attachment":[{"href":"https:\/\/dalcin.com\/es\/wp-json\/wp\/v2\/media?parent=6382"}],"wp:term":[{"taxonomy":"product_brand","embeddable":true,"href":"https:\/\/dalcin.com\/es\/wp-json\/wp\/v2\/product_brand?post=6382"},{"taxonomy":"product_cat","embeddable":true,"href":"https:\/\/dalcin.com\/es\/wp-json\/wp\/v2\/product_cat?post=6382"},{"taxonomy":"product_tag","embeddable":true,"href":"https:\/\/dalcin.com\/es\/wp-json\/wp\/v2\/product_tag?post=6382"}],"curies":[{"name":"wp","href":"https:\/\/api.w.org\/{rel}","templated":true}]}}