{"id":6406,"date":"2023-10-17T10:36:28","date_gmt":"2023-10-17T08:36:28","guid":{"rendered":"https:\/\/staging.dalcin.com\/prodotto\/longevidad-redox\/"},"modified":"2024-06-03T21:54:49","modified_gmt":"2024-06-03T19:54:49","slug":"longevidad-redox","status":"publish","type":"product","link":"https:\/\/dalcin.com\/es\/prodotto\/longevidad-redox\/","title":{"rendered":"Redox Longevity"},"content":{"rendered":"","protected":false},"excerpt":{"rendered":"<p>A\u00f1adido al vino cuando est\u00e1 listo para el embotellado, act\u00faa contra el gusto de luz mediante mecanismos tanto preventivos como curativos.<\/p>\n","protected":false},"featured_media":6409,"template":"","meta":{"_acf_changed":false,"_seopress_robots_primary_cat":"none","_seopress_titles_title":"","_seopress_titles_desc":"","_seopress_robots_index":""},"product_brand":[],"product_cat":[161],"product_tag":[334],"class_list":{"0":"post-6406","1":"product","2":"type-product","3":"status-publish","4":"has-post-thumbnail","6":"product_cat-estabilizacion","7":"product_tag-estabilidad-redox","9":"first","10":"instock","11":"shipping-taxable","12":"product-type-simple"},"acf":[],"_links":{"self":[{"href":"https:\/\/dalcin.com\/es\/wp-json\/wp\/v2\/product\/6406","targetHints":{"allow":["GET"]}}],"collection":[{"href":"https:\/\/dalcin.com\/es\/wp-json\/wp\/v2\/product"}],"about":[{"href":"https:\/\/dalcin.com\/es\/wp-json\/wp\/v2\/types\/product"}],"wp:featuredmedia":[{"embeddable":true,"href":"https:\/\/dalcin.com\/es\/wp-json\/wp\/v2\/media\/6409"}],"wp:attachment":[{"href":"https:\/\/dalcin.com\/es\/wp-json\/wp\/v2\/media?parent=6406"}],"wp:term":[{"taxonomy":"product_brand","embeddable":true,"href":"https:\/\/dalcin.com\/es\/wp-json\/wp\/v2\/product_brand?post=6406"},{"taxonomy":"product_cat","embeddable":true,"href":"https:\/\/dalcin.com\/es\/wp-json\/wp\/v2\/product_cat?post=6406"},{"taxonomy":"product_tag","embeddable":true,"href":"https:\/\/dalcin.com\/es\/wp-json\/wp\/v2\/product_tag?post=6406"}],"curies":[{"name":"wp","href":"https:\/\/api.w.org\/{rel}","templated":true}]}}