{"id":6428,"date":"2023-10-17T15:14:10","date_gmt":"2023-10-17T13:14:10","guid":{"rendered":"https:\/\/staging.dalcin.com\/prodotto\/skiuno-san\/"},"modified":"2024-06-03T21:58:11","modified_gmt":"2024-06-03T19:58:11","slug":"skiuno-san","status":"publish","type":"product","link":"https:\/\/dalcin.com\/es\/prodotto\/skiuno-san\/","title":{"rendered":"Skiun\u00f2 San"},"content":{"rendered":"","protected":false},"excerpt":{"rendered":"<p>Detergente con acci\u00f3n desodorizante. No es peligroso para el operario, puede utilizarse en todas las superficies, incluidas las que est\u00e1n en contacto con alimentos<\/p>\n","protected":false},"featured_media":6430,"template":"","meta":{"_acf_changed":false,"_seopress_robots_primary_cat":"none","_seopress_titles_title":"","_seopress_titles_desc":"","_seopress_robots_index":""},"product_brand":[],"product_cat":[184],"product_tag":[185],"class_list":{"0":"post-6428","1":"product","2":"type-product","3":"status-publish","4":"has-post-thumbnail","6":"product_cat-limpieza","7":"product_tag-detergentes-alcalinos","9":"first","10":"instock","11":"shipping-taxable","12":"product-type-simple"},"acf":[],"_links":{"self":[{"href":"https:\/\/dalcin.com\/es\/wp-json\/wp\/v2\/product\/6428","targetHints":{"allow":["GET"]}}],"collection":[{"href":"https:\/\/dalcin.com\/es\/wp-json\/wp\/v2\/product"}],"about":[{"href":"https:\/\/dalcin.com\/es\/wp-json\/wp\/v2\/types\/product"}],"wp:featuredmedia":[{"embeddable":true,"href":"https:\/\/dalcin.com\/es\/wp-json\/wp\/v2\/media\/6430"}],"wp:attachment":[{"href":"https:\/\/dalcin.com\/es\/wp-json\/wp\/v2\/media?parent=6428"}],"wp:term":[{"taxonomy":"product_brand","embeddable":true,"href":"https:\/\/dalcin.com\/es\/wp-json\/wp\/v2\/product_brand?post=6428"},{"taxonomy":"product_cat","embeddable":true,"href":"https:\/\/dalcin.com\/es\/wp-json\/wp\/v2\/product_cat?post=6428"},{"taxonomy":"product_tag","embeddable":true,"href":"https:\/\/dalcin.com\/es\/wp-json\/wp\/v2\/product_tag?post=6428"}],"curies":[{"name":"wp","href":"https:\/\/api.w.org\/{rel}","templated":true}]}}