{"id":6438,"date":"2023-10-17T10:38:32","date_gmt":"2023-10-17T08:38:32","guid":{"rendered":"https:\/\/staging.dalcin.com\/prodotto\/super-redox\/"},"modified":"2024-06-03T22:00:36","modified_gmt":"2024-06-03T20:00:36","slug":"super-redox","status":"publish","type":"product","link":"https:\/\/dalcin.com\/es\/prodotto\/super-redox\/","title":{"rendered":"Super Redox"},"content":{"rendered":"","protected":false},"excerpt":{"rendered":"<p>Mezcla antioxidante rica en \u00e1cido L-asc\u00f3rbico (50%) y otros compuestos para la prevenci\u00f3n de alteraciones del color y el aroma del vino.<\/p>\n","protected":false},"featured_media":6441,"template":"","meta":{"_acf_changed":false,"_seopress_robots_primary_cat":"none","_seopress_titles_title":"","_seopress_titles_desc":"","_seopress_robots_index":""},"product_brand":[],"product_cat":[161],"product_tag":[334],"class_list":{"0":"post-6438","1":"product","2":"type-product","3":"status-publish","4":"has-post-thumbnail","6":"product_cat-estabilizacion","7":"product_tag-estabilidad-redox","9":"first","10":"instock","11":"shipping-taxable","12":"product-type-simple"},"acf":[],"_links":{"self":[{"href":"https:\/\/dalcin.com\/es\/wp-json\/wp\/v2\/product\/6438","targetHints":{"allow":["GET"]}}],"collection":[{"href":"https:\/\/dalcin.com\/es\/wp-json\/wp\/v2\/product"}],"about":[{"href":"https:\/\/dalcin.com\/es\/wp-json\/wp\/v2\/types\/product"}],"wp:featuredmedia":[{"embeddable":true,"href":"https:\/\/dalcin.com\/es\/wp-json\/wp\/v2\/media\/6441"}],"wp:attachment":[{"href":"https:\/\/dalcin.com\/es\/wp-json\/wp\/v2\/media?parent=6438"}],"wp:term":[{"taxonomy":"product_brand","embeddable":true,"href":"https:\/\/dalcin.com\/es\/wp-json\/wp\/v2\/product_brand?post=6438"},{"taxonomy":"product_cat","embeddable":true,"href":"https:\/\/dalcin.com\/es\/wp-json\/wp\/v2\/product_cat?post=6438"},{"taxonomy":"product_tag","embeddable":true,"href":"https:\/\/dalcin.com\/es\/wp-json\/wp\/v2\/product_tag?post=6438"}],"curies":[{"name":"wp","href":"https:\/\/api.w.org\/{rel}","templated":true}]}}