{"id":6446,"date":"2023-10-17T10:48:54","date_gmt":"2023-10-17T08:48:54","guid":{"rendered":"https:\/\/staging.dalcin.com\/prodotto\/super-40-especial\/"},"modified":"2024-06-03T22:02:40","modified_gmt":"2024-06-03T20:02:40","slug":"super-40-especial","status":"publish","type":"product","link":"https:\/\/dalcin.com\/es\/prodotto\/super-40-especial\/","title":{"rendered":"Super-40\u2122 Special"},"content":{"rendered":"","protected":false},"excerpt":{"rendered":"<p>\u00c1cido metatart\u00e1rico puro con alto \u00edndice de esterificaci\u00f3n. Creado para evitar la opalescencia en fr\u00edo post-tratamiento.<\/p>\n","protected":false},"featured_media":0,"template":"","meta":{"_acf_changed":false,"_seopress_robots_primary_cat":"none","_seopress_titles_title":"","_seopress_titles_desc":"","_seopress_robots_index":""},"product_brand":[],"product_cat":[161],"product_tag":[162],"class_list":{"0":"post-6446","1":"product","2":"type-product","3":"status-publish","5":"product_cat-estabilizacion","6":"product_tag-estabilidad-tartarica","8":"first","9":"instock","10":"shipping-taxable","11":"product-type-simple"},"acf":[],"_links":{"self":[{"href":"https:\/\/dalcin.com\/es\/wp-json\/wp\/v2\/product\/6446","targetHints":{"allow":["GET"]}}],"collection":[{"href":"https:\/\/dalcin.com\/es\/wp-json\/wp\/v2\/product"}],"about":[{"href":"https:\/\/dalcin.com\/es\/wp-json\/wp\/v2\/types\/product"}],"wp:attachment":[{"href":"https:\/\/dalcin.com\/es\/wp-json\/wp\/v2\/media?parent=6446"}],"wp:term":[{"taxonomy":"product_brand","embeddable":true,"href":"https:\/\/dalcin.com\/es\/wp-json\/wp\/v2\/product_brand?post=6446"},{"taxonomy":"product_cat","embeddable":true,"href":"https:\/\/dalcin.com\/es\/wp-json\/wp\/v2\/product_cat?post=6446"},{"taxonomy":"product_tag","embeddable":true,"href":"https:\/\/dalcin.com\/es\/wp-json\/wp\/v2\/product_tag?post=6446"}],"curies":[{"name":"wp","href":"https:\/\/api.w.org\/{rel}","templated":true}]}}