{"id":6449,"date":"2023-10-03T17:32:16","date_gmt":"2023-10-03T15:32:16","guid":{"rendered":"https:\/\/staging.dalcin.com\/prodotto\/superattivante\/"},"modified":"2024-11-30T10:38:48","modified_gmt":"2024-11-30T09:38:48","slug":"superattivante","status":"publish","type":"product","link":"https:\/\/dalcin.com\/es\/prodotto\/superattivante\/","title":{"rendered":"Superattivante"},"content":{"rendered":"","protected":false},"excerpt":{"rendered":"<p>Complejo nutritivo a base de nitr\u00f3geno inorg\u00e1nico y tiamina. Utilizado desde la inoculaci\u00f3n, asegura a la levadura la cantidad necesaria de nutrientes para un buen inicio de la fermentaci\u00f3n.<\/p>\n","protected":false},"featured_media":6452,"template":"","meta":{"_acf_changed":false,"_seopress_robots_primary_cat":"none","_seopress_titles_title":"","_seopress_titles_desc":"","_seopress_robots_index":""},"product_brand":[],"product_cat":[223],"product_tag":[292],"class_list":{"0":"post-6449","1":"product","2":"type-product","3":"status-publish","4":"has-post-thumbnail","6":"product_cat-nutrientes-es","7":"product_tag-nutrientes-amoniacales","9":"first","10":"instock","11":"shipping-taxable","12":"product-type-simple"},"acf":[],"_links":{"self":[{"href":"https:\/\/dalcin.com\/es\/wp-json\/wp\/v2\/product\/6449","targetHints":{"allow":["GET"]}}],"collection":[{"href":"https:\/\/dalcin.com\/es\/wp-json\/wp\/v2\/product"}],"about":[{"href":"https:\/\/dalcin.com\/es\/wp-json\/wp\/v2\/types\/product"}],"wp:featuredmedia":[{"embeddable":true,"href":"https:\/\/dalcin.com\/es\/wp-json\/wp\/v2\/media\/6452"}],"wp:attachment":[{"href":"https:\/\/dalcin.com\/es\/wp-json\/wp\/v2\/media?parent=6449"}],"wp:term":[{"taxonomy":"product_brand","embeddable":true,"href":"https:\/\/dalcin.com\/es\/wp-json\/wp\/v2\/product_brand?post=6449"},{"taxonomy":"product_cat","embeddable":true,"href":"https:\/\/dalcin.com\/es\/wp-json\/wp\/v2\/product_cat?post=6449"},{"taxonomy":"product_tag","embeddable":true,"href":"https:\/\/dalcin.com\/es\/wp-json\/wp\/v2\/product_tag?post=6449"}],"curies":[{"name":"wp","href":"https:\/\/api.w.org\/{rel}","templated":true}]}}