{"id":6507,"date":"2023-10-06T12:25:58","date_gmt":"2023-10-06T10:25:58","guid":{"rendered":"https:\/\/staging.dalcin.com\/prodotto\/ultrase-4skin\/"},"modified":"2024-11-30T10:23:07","modified_gmt":"2024-11-30T09:23:07","slug":"ultrase-4skin","status":"publish","type":"product","link":"https:\/\/dalcin.com\/es\/prodotto\/ultrase-4skin\/","title":{"rendered":"ULTRasi 4Skin"},"content":{"rendered":"","protected":false},"excerpt":{"rendered":"<p>Expresi\u00f3n arom\u00e1tica y estructura para vinos blancos varietales . Durante la maceraci\u00f3n pelicular, potencia la extracci\u00f3n de los aromas varietales, confiriendo a los vinos intensidad y complejidad organol\u00e9ptica.<\/p>\n","protected":false},"featured_media":6510,"template":"","meta":{"_acf_changed":false,"_seopress_robots_primary_cat":"none","_seopress_titles_title":"","_seopress_titles_desc":"","_seopress_robots_index":""},"product_brand":[],"product_cat":[205],"product_tag":[253],"class_list":{"0":"post-6507","1":"product","2":"type-product","3":"status-publish","4":"has-post-thumbnail","6":"product_cat-enzimas","7":"product_tag-maceracion-de-uva-blanca","9":"first","10":"instock","11":"shipping-taxable","12":"product-type-simple"},"acf":[],"_links":{"self":[{"href":"https:\/\/dalcin.com\/es\/wp-json\/wp\/v2\/product\/6507","targetHints":{"allow":["GET"]}}],"collection":[{"href":"https:\/\/dalcin.com\/es\/wp-json\/wp\/v2\/product"}],"about":[{"href":"https:\/\/dalcin.com\/es\/wp-json\/wp\/v2\/types\/product"}],"wp:featuredmedia":[{"embeddable":true,"href":"https:\/\/dalcin.com\/es\/wp-json\/wp\/v2\/media\/6510"}],"wp:attachment":[{"href":"https:\/\/dalcin.com\/es\/wp-json\/wp\/v2\/media?parent=6507"}],"wp:term":[{"taxonomy":"product_brand","embeddable":true,"href":"https:\/\/dalcin.com\/es\/wp-json\/wp\/v2\/product_brand?post=6507"},{"taxonomy":"product_cat","embeddable":true,"href":"https:\/\/dalcin.com\/es\/wp-json\/wp\/v2\/product_cat?post=6507"},{"taxonomy":"product_tag","embeddable":true,"href":"https:\/\/dalcin.com\/es\/wp-json\/wp\/v2\/product_tag?post=6507"}],"curies":[{"name":"wp","href":"https:\/\/api.w.org\/{rel}","templated":true}]}}