{"id":6511,"date":"2023-10-05T17:58:58","date_gmt":"2023-10-05T15:58:58","guid":{"rendered":"https:\/\/staging.dalcin.com\/prodotto\/ultrase-darkberry\/"},"modified":"2024-11-30T10:31:28","modified_gmt":"2024-11-30T09:31:28","slug":"ultrase-darkberry","status":"publish","type":"product","link":"https:\/\/dalcin.com\/es\/prodotto\/ultrase-darkberry\/","title":{"rendered":"ULTRasi Darkberry"},"content":{"rendered":"","protected":false},"excerpt":{"rendered":"<p>Enzima espec\u00edfico para la maceraci\u00f3n de uvas tinas para la obtenci\u00f3n de vinos estructurados y destinados al envejecimiento. La especificidad de su acci\u00f3n favorece una extracci\u00f3n r\u00e1pida de antocianinas, aromas y taninos polimerizados.<\/p>\n","protected":false},"featured_media":6514,"template":"","meta":{"_acf_changed":false,"_seopress_robots_primary_cat":"none","_seopress_titles_title":"","_seopress_titles_desc":"","_seopress_robots_index":""},"product_brand":[],"product_cat":[205],"product_tag":[255],"class_list":{"0":"post-6511","1":"product","2":"type-product","3":"status-publish","4":"has-post-thumbnail","6":"product_cat-enzimas","7":"product_tag-maceracion-de-uva-tinta","9":"first","10":"instock","11":"shipping-taxable","12":"product-type-simple"},"acf":[],"_links":{"self":[{"href":"https:\/\/dalcin.com\/es\/wp-json\/wp\/v2\/product\/6511","targetHints":{"allow":["GET"]}}],"collection":[{"href":"https:\/\/dalcin.com\/es\/wp-json\/wp\/v2\/product"}],"about":[{"href":"https:\/\/dalcin.com\/es\/wp-json\/wp\/v2\/types\/product"}],"wp:featuredmedia":[{"embeddable":true,"href":"https:\/\/dalcin.com\/es\/wp-json\/wp\/v2\/media\/6514"}],"wp:attachment":[{"href":"https:\/\/dalcin.com\/es\/wp-json\/wp\/v2\/media?parent=6511"}],"wp:term":[{"taxonomy":"product_brand","embeddable":true,"href":"https:\/\/dalcin.com\/es\/wp-json\/wp\/v2\/product_brand?post=6511"},{"taxonomy":"product_cat","embeddable":true,"href":"https:\/\/dalcin.com\/es\/wp-json\/wp\/v2\/product_cat?post=6511"},{"taxonomy":"product_tag","embeddable":true,"href":"https:\/\/dalcin.com\/es\/wp-json\/wp\/v2\/product_tag?post=6511"}],"curies":[{"name":"wp","href":"https:\/\/api.w.org\/{rel}","templated":true}]}}