{"id":6515,"date":"2023-10-05T18:01:00","date_gmt":"2023-10-05T16:01:00","guid":{"rendered":"https:\/\/staging.dalcin.com\/prodotto\/flot-ultrasi\/"},"modified":"2024-11-30T10:31:13","modified_gmt":"2024-11-30T09:31:13","slug":"flot-ultrasi","status":"publish","type":"product","link":"https:\/\/dalcin.com\/es\/prodotto\/flot-ultrasi\/","title":{"rendered":"ULTRasi Flot"},"content":{"rendered":"","protected":false},"excerpt":{"rendered":"<p>Espec\u00edfico para procesos de flotaci\u00f3n: provoca una rapid\u00edsima disminuci\u00f3n de la viscosidad del mosto que facilita el proceso de aglomeraci\u00f3n de las part\u00edculas en suspensi\u00f3n. Ideal tanto en procesos de flotaci\u00f3n continuos como discontinuos.<\/p>\n","protected":false},"featured_media":6518,"template":"","meta":{"_acf_changed":false,"_seopress_robots_primary_cat":"none","_seopress_titles_title":"","_seopress_titles_desc":"","_seopress_robots_index":""},"product_brand":[],"product_cat":[205],"product_tag":[250],"class_list":{"0":"post-6515","1":"product","2":"type-product","3":"status-publish","4":"has-post-thumbnail","6":"product_cat-enzimas","7":"product_tag-flotacion","9":"first","10":"instock","11":"shipping-taxable","12":"product-type-simple"},"acf":[],"_links":{"self":[{"href":"https:\/\/dalcin.com\/es\/wp-json\/wp\/v2\/product\/6515","targetHints":{"allow":["GET"]}}],"collection":[{"href":"https:\/\/dalcin.com\/es\/wp-json\/wp\/v2\/product"}],"about":[{"href":"https:\/\/dalcin.com\/es\/wp-json\/wp\/v2\/types\/product"}],"wp:featuredmedia":[{"embeddable":true,"href":"https:\/\/dalcin.com\/es\/wp-json\/wp\/v2\/media\/6518"}],"wp:attachment":[{"href":"https:\/\/dalcin.com\/es\/wp-json\/wp\/v2\/media?parent=6515"}],"wp:term":[{"taxonomy":"product_brand","embeddable":true,"href":"https:\/\/dalcin.com\/es\/wp-json\/wp\/v2\/product_brand?post=6515"},{"taxonomy":"product_cat","embeddable":true,"href":"https:\/\/dalcin.com\/es\/wp-json\/wp\/v2\/product_cat?post=6515"},{"taxonomy":"product_tag","embeddable":true,"href":"https:\/\/dalcin.com\/es\/wp-json\/wp\/v2\/product_tag?post=6515"}],"curies":[{"name":"wp","href":"https:\/\/api.w.org\/{rel}","templated":true}]}}