{"id":6523,"date":"2023-10-06T10:50:13","date_gmt":"2023-10-06T08:50:13","guid":{"rendered":"https:\/\/staging.dalcin.com\/prodotto\/ultrasa-l\/"},"modified":"2024-11-30T10:30:39","modified_gmt":"2024-11-30T09:30:39","slug":"ultrasa-l","status":"publish","type":"product","link":"https:\/\/dalcin.com\/es\/prodotto\/ultrasa-l\/","title":{"rendered":"ULTRasi L"},"content":{"rendered":"","protected":false},"excerpt":{"rendered":"<p>Enzima pectol\u00edtico, en forma l\u00edquida, para la clarificaci\u00f3n de mostos blancos. Se activa r\u00e1pidamente en un amplio rango de pH y temperatura.<\/p>\n","protected":false},"featured_media":6526,"template":"","meta":{"_acf_changed":false,"_seopress_robots_primary_cat":"none","_seopress_titles_title":"","_seopress_titles_desc":"","_seopress_robots_index":""},"product_brand":[],"product_cat":[205],"product_tag":[249],"class_list":{"0":"post-6523","1":"product","2":"type-product","3":"status-publish","4":"has-post-thumbnail","6":"product_cat-enzimas","7":"product_tag-clarificacion-estatica","9":"first","10":"instock","11":"shipping-taxable","12":"product-type-simple"},"acf":[],"_links":{"self":[{"href":"https:\/\/dalcin.com\/es\/wp-json\/wp\/v2\/product\/6523","targetHints":{"allow":["GET"]}}],"collection":[{"href":"https:\/\/dalcin.com\/es\/wp-json\/wp\/v2\/product"}],"about":[{"href":"https:\/\/dalcin.com\/es\/wp-json\/wp\/v2\/types\/product"}],"wp:featuredmedia":[{"embeddable":true,"href":"https:\/\/dalcin.com\/es\/wp-json\/wp\/v2\/media\/6526"}],"wp:attachment":[{"href":"https:\/\/dalcin.com\/es\/wp-json\/wp\/v2\/media?parent=6523"}],"wp:term":[{"taxonomy":"product_brand","embeddable":true,"href":"https:\/\/dalcin.com\/es\/wp-json\/wp\/v2\/product_brand?post=6523"},{"taxonomy":"product_cat","embeddable":true,"href":"https:\/\/dalcin.com\/es\/wp-json\/wp\/v2\/product_cat?post=6523"},{"taxonomy":"product_tag","embeddable":true,"href":"https:\/\/dalcin.com\/es\/wp-json\/wp\/v2\/product_tag?post=6523"}],"curies":[{"name":"wp","href":"https:\/\/api.w.org\/{rel}","templated":true}]}}