{"id":6531,"date":"2023-10-06T11:33:08","date_gmt":"2023-10-06T09:33:08","guid":{"rendered":"https:\/\/staging.dalcin.com\/prodotto\/ultrase-redberry\/"},"modified":"2024-11-30T10:24:02","modified_gmt":"2024-11-30T09:24:02","slug":"ultrase-redberry","status":"publish","type":"product","link":"https:\/\/dalcin.com\/es\/prodotto\/ultrase-redberry\/","title":{"rendered":"ULTRasi Redberry"},"content":{"rendered":"","protected":false},"excerpt":{"rendered":"<p>Espec\u00edfico para la obtenci\u00f3n de vinos tintos j\u00f3venes y rosados. La actividad macerativa extrae preferentemente taninos pesados de la piel e incrementa la concentraci\u00f3n de compuestos arom\u00e1ticos primarios y de sus precursores. \u00d3ptimo en termovinificaciones gracias a su resistencia a las altas temperaturas.<\/p>\n","protected":false},"featured_media":6534,"template":"","meta":{"_acf_changed":false,"_seopress_robots_primary_cat":"none","_seopress_titles_title":"","_seopress_titles_desc":"","_seopress_robots_index":""},"product_brand":[],"product_cat":[205],"product_tag":[255],"class_list":{"0":"post-6531","1":"product","2":"type-product","3":"status-publish","4":"has-post-thumbnail","6":"product_cat-enzimas","7":"product_tag-maceracion-de-uva-tinta","9":"first","10":"instock","11":"shipping-taxable","12":"product-type-simple"},"acf":[],"_links":{"self":[{"href":"https:\/\/dalcin.com\/es\/wp-json\/wp\/v2\/product\/6531","targetHints":{"allow":["GET"]}}],"collection":[{"href":"https:\/\/dalcin.com\/es\/wp-json\/wp\/v2\/product"}],"about":[{"href":"https:\/\/dalcin.com\/es\/wp-json\/wp\/v2\/types\/product"}],"wp:featuredmedia":[{"embeddable":true,"href":"https:\/\/dalcin.com\/es\/wp-json\/wp\/v2\/media\/6534"}],"wp:attachment":[{"href":"https:\/\/dalcin.com\/es\/wp-json\/wp\/v2\/media?parent=6531"}],"wp:term":[{"taxonomy":"product_brand","embeddable":true,"href":"https:\/\/dalcin.com\/es\/wp-json\/wp\/v2\/product_brand?post=6531"},{"taxonomy":"product_cat","embeddable":true,"href":"https:\/\/dalcin.com\/es\/wp-json\/wp\/v2\/product_cat?post=6531"},{"taxonomy":"product_tag","embeddable":true,"href":"https:\/\/dalcin.com\/es\/wp-json\/wp\/v2\/product_tag?post=6531"}],"curies":[{"name":"wp","href":"https:\/\/api.w.org\/{rel}","templated":true}]}}