{"id":6535,"date":"2023-10-06T11:40:45","date_gmt":"2023-10-06T09:40:45","guid":{"rendered":"https:\/\/staging.dalcin.com\/prodotto\/ultrase-select\/"},"modified":"2024-11-30T10:23:53","modified_gmt":"2024-11-30T09:23:53","slug":"ultrase-select","status":"publish","type":"product","link":"https:\/\/dalcin.com\/es\/prodotto\/ultrase-select\/","title":{"rendered":"ULTRasi Select"},"content":{"rendered":"","protected":false},"excerpt":{"rendered":"<p>La mezcla de actividad pectol\u00edtica y hemicelul\u00e1sica permite una acci\u00f3n espec\u00edfica en condiciones dif\u00edciles: uvas poco maduras, pH bajo, variedades como Moscatel, Malvas\u00eda, Traminer, etc.<\/p>\n","protected":false},"featured_media":6538,"template":"","meta":{"_acf_changed":false,"_seopress_robots_primary_cat":"none","_seopress_titles_title":"","_seopress_titles_desc":"","_seopress_robots_index":""},"product_brand":[],"product_cat":[205],"product_tag":[249],"class_list":{"0":"post-6535","1":"product","2":"type-product","3":"status-publish","4":"has-post-thumbnail","6":"product_cat-enzimas","7":"product_tag-clarificacion-estatica","9":"first","10":"instock","11":"shipping-taxable","12":"product-type-simple"},"acf":[],"_links":{"self":[{"href":"https:\/\/dalcin.com\/es\/wp-json\/wp\/v2\/product\/6535","targetHints":{"allow":["GET"]}}],"collection":[{"href":"https:\/\/dalcin.com\/es\/wp-json\/wp\/v2\/product"}],"about":[{"href":"https:\/\/dalcin.com\/es\/wp-json\/wp\/v2\/types\/product"}],"wp:featuredmedia":[{"embeddable":true,"href":"https:\/\/dalcin.com\/es\/wp-json\/wp\/v2\/media\/6538"}],"wp:attachment":[{"href":"https:\/\/dalcin.com\/es\/wp-json\/wp\/v2\/media?parent=6535"}],"wp:term":[{"taxonomy":"product_brand","embeddable":true,"href":"https:\/\/dalcin.com\/es\/wp-json\/wp\/v2\/product_brand?post=6535"},{"taxonomy":"product_cat","embeddable":true,"href":"https:\/\/dalcin.com\/es\/wp-json\/wp\/v2\/product_cat?post=6535"},{"taxonomy":"product_tag","embeddable":true,"href":"https:\/\/dalcin.com\/es\/wp-json\/wp\/v2\/product_tag?post=6535"}],"curies":[{"name":"wp","href":"https:\/\/api.w.org\/{rel}","templated":true}]}}