{"id":6539,"date":"2023-10-03T17:15:06","date_gmt":"2023-10-03T15:15:06","guid":{"rendered":"https:\/\/staging.dalcin.com\/prodotto\/vitalyeast\/"},"modified":"2024-11-30T10:39:46","modified_gmt":"2024-11-30T09:39:46","slug":"vitalyeast","status":"publish","type":"product","link":"https:\/\/dalcin.com\/es\/prodotto\/vitalyeast\/","title":{"rendered":"Vitalyeast"},"content":{"rendered":"","protected":false},"excerpt":{"rendered":"<p>Usado en el primer tercio de la fermentaci\u00f3n alcoh\u00f3lica o en la toma de espuma. Aporta nitr\u00f3geno exclusivamente aminoac\u00eddico a la levadura. Este tipo de nutritivo es muy ventajoso para la formaci\u00f3n de aromas fermentativos y reduce el desarrollo de acidez vol\u00e1til.<\/p>\n","protected":false},"featured_media":6542,"template":"","meta":{"_acf_changed":false,"_seopress_robots_primary_cat":"none","_seopress_titles_title":"","_seopress_titles_desc":"","_seopress_robots_index":""},"product_brand":[],"product_cat":[223],"product_tag":[296],"class_list":{"0":"post-6539","1":"product","2":"type-product","3":"status-publish","4":"has-post-thumbnail","6":"product_cat-nutrientes-es","7":"product_tag-nutrientes-organicos","9":"first","10":"instock","11":"shipping-taxable","12":"product-type-simple"},"acf":[],"_links":{"self":[{"href":"https:\/\/dalcin.com\/es\/wp-json\/wp\/v2\/product\/6539","targetHints":{"allow":["GET"]}}],"collection":[{"href":"https:\/\/dalcin.com\/es\/wp-json\/wp\/v2\/product"}],"about":[{"href":"https:\/\/dalcin.com\/es\/wp-json\/wp\/v2\/types\/product"}],"wp:featuredmedia":[{"embeddable":true,"href":"https:\/\/dalcin.com\/es\/wp-json\/wp\/v2\/media\/6542"}],"wp:attachment":[{"href":"https:\/\/dalcin.com\/es\/wp-json\/wp\/v2\/media?parent=6539"}],"wp:term":[{"taxonomy":"product_brand","embeddable":true,"href":"https:\/\/dalcin.com\/es\/wp-json\/wp\/v2\/product_brand?post=6539"},{"taxonomy":"product_cat","embeddable":true,"href":"https:\/\/dalcin.com\/es\/wp-json\/wp\/v2\/product_cat?post=6539"},{"taxonomy":"product_tag","embeddable":true,"href":"https:\/\/dalcin.com\/es\/wp-json\/wp\/v2\/product_tag?post=6539"}],"curies":[{"name":"wp","href":"https:\/\/api.w.org\/{rel}","templated":true}]}}