{"id":6543,"date":"2023-10-11T16:40:27","date_gmt":"2023-10-11T14:40:27","guid":{"rendered":"https:\/\/staging.dalcin.com\/prodotto\/whitegran\/"},"modified":"2024-04-12T00:10:29","modified_gmt":"2024-04-11T22:10:29","slug":"whitegran","status":"publish","type":"product","link":"https:\/\/dalcin.com\/es\/prodotto\/whitegran\/","title":{"rendered":"Whitegran"},"content":{"rendered":"","protected":false},"excerpt":{"rendered":"<p>Bentonita granular con activaci\u00f3n media-alta para una considerable capacidad de desproteinizaci\u00f3n, fondos compactos de clarificaci\u00f3n y practicidad de preparaci\u00f3n.<\/p>\n","protected":false},"featured_media":0,"template":"","meta":{"_acf_changed":false,"_seopress_robots_primary_cat":"none","_seopress_titles_title":"","_seopress_titles_desc":"","_seopress_robots_index":""},"product_brand":[],"product_cat":[200],"product_tag":[],"class_list":{"0":"post-6543","1":"product","2":"type-product","3":"status-publish","5":"product_cat-bentonitas-es","7":"first","8":"instock","9":"shipping-taxable","10":"product-type-simple"},"acf":[],"_links":{"self":[{"href":"https:\/\/dalcin.com\/es\/wp-json\/wp\/v2\/product\/6543","targetHints":{"allow":["GET"]}}],"collection":[{"href":"https:\/\/dalcin.com\/es\/wp-json\/wp\/v2\/product"}],"about":[{"href":"https:\/\/dalcin.com\/es\/wp-json\/wp\/v2\/types\/product"}],"wp:attachment":[{"href":"https:\/\/dalcin.com\/es\/wp-json\/wp\/v2\/media?parent=6543"}],"wp:term":[{"taxonomy":"product_brand","embeddable":true,"href":"https:\/\/dalcin.com\/es\/wp-json\/wp\/v2\/product_brand?post=6543"},{"taxonomy":"product_cat","embeddable":true,"href":"https:\/\/dalcin.com\/es\/wp-json\/wp\/v2\/product_cat?post=6543"},{"taxonomy":"product_tag","embeddable":true,"href":"https:\/\/dalcin.com\/es\/wp-json\/wp\/v2\/product_tag?post=6543"}],"curies":[{"name":"wp","href":"https:\/\/api.w.org\/{rel}","templated":true}]}}