{"id":6550,"date":"2023-10-03T16:30:55","date_gmt":"2023-10-03T14:30:55","guid":{"rendered":"https:\/\/staging.dalcin.com\/prodotto\/wyntube-fructal\/"},"modified":"2024-11-30T10:41:53","modified_gmt":"2024-11-30T09:41:53","slug":"wyntube-fructal","status":"publish","type":"product","link":"https:\/\/dalcin.com\/es\/prodotto\/wyntube-fructal\/","title":{"rendered":"wynTube Fructal"},"content":{"rendered":"","protected":false},"excerpt":{"rendered":"<p>Nutriente en forma miniTubes\u2122. La tecnolog\u00eda miniTubes aplicada a un integrador dedicado a las vinificaciones en las que se busca la m\u00e1xima expresi\u00f3n frutal por parte de las levaduras.<\/p>\n","protected":false},"featured_media":0,"template":"","meta":{"_acf_changed":false,"_seopress_robots_primary_cat":"none","_seopress_titles_title":"","_seopress_titles_desc":"","_seopress_robots_index":""},"product_brand":[],"product_cat":[223],"product_tag":[296],"class_list":{"0":"post-6550","1":"product","2":"type-product","3":"status-publish","5":"product_cat-nutrientes-es","6":"product_tag-nutrientes-organicos","8":"first","9":"instock","10":"shipping-taxable","11":"product-type-simple"},"acf":[],"_links":{"self":[{"href":"https:\/\/dalcin.com\/es\/wp-json\/wp\/v2\/product\/6550","targetHints":{"allow":["GET"]}}],"collection":[{"href":"https:\/\/dalcin.com\/es\/wp-json\/wp\/v2\/product"}],"about":[{"href":"https:\/\/dalcin.com\/es\/wp-json\/wp\/v2\/types\/product"}],"wp:attachment":[{"href":"https:\/\/dalcin.com\/es\/wp-json\/wp\/v2\/media?parent=6550"}],"wp:term":[{"taxonomy":"product_brand","embeddable":true,"href":"https:\/\/dalcin.com\/es\/wp-json\/wp\/v2\/product_brand?post=6550"},{"taxonomy":"product_cat","embeddable":true,"href":"https:\/\/dalcin.com\/es\/wp-json\/wp\/v2\/product_cat?post=6550"},{"taxonomy":"product_tag","embeddable":true,"href":"https:\/\/dalcin.com\/es\/wp-json\/wp\/v2\/product_tag?post=6550"}],"curies":[{"name":"wp","href":"https:\/\/api.w.org\/{rel}","templated":true}]}}