{"id":9086,"date":"2024-02-25T22:18:39","date_gmt":"2024-02-25T21:18:39","guid":{"rendered":"https:\/\/staging.dalcin.com\/prodotto\/enodoc-ml-fast\/"},"modified":"2024-11-28T12:54:40","modified_gmt":"2024-11-28T11:54:40","slug":"enodoc-ml-fast","status":"publish","type":"product","link":"https:\/\/dalcin.com\/es\/prodotto\/enodoc-ml-fast\/","title":{"rendered":"Enodoc ML-Fast"},"content":{"rendered":"","protected":false},"excerpt":{"rendered":"<p>Cepa MBR (\u00abMembrana Mejorada\u00bb), para una fermentaci\u00f3n ML segura. De uso f\u00e1cil y r\u00e1pido (un paso). Proporciona una buena FML potenciando caracter\u00edsticas organol\u00e9pticas de los vinos.<\/p>\n","protected":false},"featured_media":0,"template":"","meta":{"_acf_changed":false,"_seopress_robots_primary_cat":"none","_seopress_titles_title":"","_seopress_titles_desc":"","_seopress_robots_index":""},"product_brand":[],"product_cat":[218],"product_tag":[353],"class_list":{"0":"post-9086","1":"product","2":"type-product","3":"status-publish","5":"product_cat-malolactica","6":"product_tag-bacterias-malolacticas","8":"first","9":"instock","10":"shipping-taxable","11":"product-type-simple"},"acf":[],"_links":{"self":[{"href":"https:\/\/dalcin.com\/es\/wp-json\/wp\/v2\/product\/9086","targetHints":{"allow":["GET"]}}],"collection":[{"href":"https:\/\/dalcin.com\/es\/wp-json\/wp\/v2\/product"}],"about":[{"href":"https:\/\/dalcin.com\/es\/wp-json\/wp\/v2\/types\/product"}],"wp:attachment":[{"href":"https:\/\/dalcin.com\/es\/wp-json\/wp\/v2\/media?parent=9086"}],"wp:term":[{"taxonomy":"product_brand","embeddable":true,"href":"https:\/\/dalcin.com\/es\/wp-json\/wp\/v2\/product_brand?post=9086"},{"taxonomy":"product_cat","embeddable":true,"href":"https:\/\/dalcin.com\/es\/wp-json\/wp\/v2\/product_cat?post=9086"},{"taxonomy":"product_tag","embeddable":true,"href":"https:\/\/dalcin.com\/es\/wp-json\/wp\/v2\/product_tag?post=9086"}],"curies":[{"name":"wp","href":"https:\/\/api.w.org\/{rel}","templated":true}]}}