{"id":9089,"date":"2024-02-25T22:08:26","date_gmt":"2024-02-25T21:08:26","guid":{"rendered":"https:\/\/staging.dalcin.com\/prodotto\/enodoc-fa-01\/"},"modified":"2024-11-28T12:54:30","modified_gmt":"2024-11-28T11:54:30","slug":"enodoc-fa-01","status":"publish","type":"product","link":"https:\/\/dalcin.com\/es\/prodotto\/enodoc-fa-01\/","title":{"rendered":"Enodoc FA-01"},"content":{"rendered":"","protected":false},"excerpt":{"rendered":"<p>\u00abFermentation assur\u00e9e\u00bb. Fermentaci\u00f3n r\u00e1pida y segura, incluso en condiciones muy dif\u00edciles.<\/p>\n","protected":false},"featured_media":0,"template":"","meta":{"_acf_changed":false,"_seopress_robots_primary_cat":"none","_seopress_titles_title":"","_seopress_titles_desc":"","_seopress_robots_index":""},"product_brand":[],"product_cat":[354],"product_tag":[165],"class_list":{"0":"post-9089","1":"product","2":"type-product","3":"status-publish","5":"product_cat-levadura-enodoc","6":"product_tag-vinos-blancos","8":"first","9":"instock","10":"shipping-taxable","11":"product-type-simple"},"acf":[],"_links":{"self":[{"href":"https:\/\/dalcin.com\/es\/wp-json\/wp\/v2\/product\/9089","targetHints":{"allow":["GET"]}}],"collection":[{"href":"https:\/\/dalcin.com\/es\/wp-json\/wp\/v2\/product"}],"about":[{"href":"https:\/\/dalcin.com\/es\/wp-json\/wp\/v2\/types\/product"}],"wp:attachment":[{"href":"https:\/\/dalcin.com\/es\/wp-json\/wp\/v2\/media?parent=9089"}],"wp:term":[{"taxonomy":"product_brand","embeddable":true,"href":"https:\/\/dalcin.com\/es\/wp-json\/wp\/v2\/product_brand?post=9089"},{"taxonomy":"product_cat","embeddable":true,"href":"https:\/\/dalcin.com\/es\/wp-json\/wp\/v2\/product_cat?post=9089"},{"taxonomy":"product_tag","embeddable":true,"href":"https:\/\/dalcin.com\/es\/wp-json\/wp\/v2\/product_tag?post=9089"}],"curies":[{"name":"wp","href":"https:\/\/api.w.org\/{rel}","templated":true}]}}